{"id":1033,"date":"2021-02-24T22:40:13","date_gmt":"2021-02-24T21:40:13","guid":{"rendered":"https:\/\/mysavings.mindsetting.be\/nos-produits\/augmentation-de-lepargne-a-long-terme-apres-55-ans\/"},"modified":"2021-03-23T09:25:07","modified_gmt":"2021-03-23T08:25:07","slug":"augmentation-de-lepargne-a-long-terme-apres-55-ans","status":"publish","type":"product","link":"https:\/\/mysavings.mindsetting.be\/fr\/nos-produits\/pension\/epargne-a-long-terme\/Information\/augmentation-de-lepargne-a-long-terme-apres-55-ans\/","title":{"rendered":"Augmentation de l\u2019\u00e9pargne \u00e0 long terme apr\u00e8s 55 ans"},"content":{"rendered":"<p>Quand vous souscrivez un nouveau contrat \u00e9pargne \u00e0 long terme ou que vous proc\u00e9dez \u00e0 une augmentation de la prime apr\u00e8s 55 ans, le contrat doit courir \u00e0 nouveau 10 ans. La simple indexation qui vous permet d\u2019obtenir le maximum fiscal n\u2019est pas consid\u00e9r\u00e9e comme une \u00ab\u00a0augmentation\u00a0\u00bb et par cons\u00e9quent, le contrat ne doit pas \u00eatre adapt\u00e9.<\/p>\n<p>Une assurance-vie fiscale peut \u00eatre conclue ou augment\u00e9e jusqu\u2019\u00e0 l\u2019\u00e2ge de 65 ans. <strong>Contrairement au syst\u00e8me de l\u2019\u00e9pargne pension, ce contrat vous permet de continuer \u00e0 d\u00e9duire la prime vers\u00e9e apr\u00e8s votre d\u00e9part \u00e0 la retraite et ce, aussi longtemps que vous percevez des revenus imposables. Cette prime ne peut plus \u00eatre adapt\u00e9e apr\u00e8s 65 ans.<br \/>\n<\/strong><br \/>\nIl est donc encore int\u00e9ressant de d\u00e9buter une telle \u00e9pargne \u00e0 long terme, juste avant vos 65 ans, \u00e0 la condition que vous n\u2019ayez pas besoin de l\u2019argent qui y sera consacr\u00e9 afin de pr\u00e9server votre train de vie actuel.\u00a0 Ainsi, vous continuerez \u00e0 b\u00e9n\u00e9ficier des avantages fiscaux li\u00e9s \u00e0 ce m\u00e9canisme, et la taxation finale d\u2019un tel contrat sera due dix ans apr\u00e8s la date de ce dernier (pour un nouveau contrat conclu ou augment\u00e9 apr\u00e8s 55 ans).<\/p>\n<p>Concr\u00e8tement : vous pouvez conclure un contrat jusqu\u2019\u00e0 vos 75, 90 voire m\u00eame vos 120 ans et profiter annuellement de la d\u00e9duction fiscale.<\/p>\n<p><strong>Vous pouvez consid\u00e9rer ce contrat comme une \u00e9pargne qui vous est d\u00e9di\u00e9e ou qui est d\u00e9di\u00e9e \u00e0 vos h\u00e9ritiers et vous profitez annuellement d\u2019un avantage fiscal correspondant \u00e0 la d\u00e9duction fiscale d\u2019environ 1\/3 des primes que vous y versez.<\/strong><\/p>\n","protected":false},"excerpt":{"rendered":"<p>Quand vous souscrivez un nouveau contrat \u00e9pargne \u00e0 long terme ou que vous proc\u00e9dez \u00e0 une augmentation de la prime apr\u00e8s 55 ans, le contrat doit courir \u00e0 nouveau 10 ans. La simple indexation qui vous permet d\u2019obtenir le maximum fiscal n\u2019est pas consid\u00e9r\u00e9e comme une \u00ab\u00a0augmentation\u00a0\u00bb et par cons\u00e9quent, le contrat ne doit pas [&hellip;]<\/p>\n","protected":false},"featured_media":0,"parent":674,"menu_order":0,"template":"","class_list":["post-1033","product","type-product","status-publish","hentry"],"acf":[],"yoast_head":"<!-- This site is optimized with the Yoast SEO plugin v27.6 - https:\/\/yoast.com\/product\/yoast-seo-wordpress\/ -->\n<title>Augmentation de l&#039;\u00e9pargne \u00e0 long terme apr\u00e8s 55 ans | MySavings<\/title>\n<meta name=\"description\" content=\"Les experts MySavings vous guident parmis les diff\u00e9rentes formules afin de trouver la solution qui vous convient le mieux.\" \/>\n<meta name=\"robots\" content=\"index, follow, max-snippet:-1, max-image-preview:large, max-video-preview:-1\" \/>\n<link rel=\"canonical\" href=\"https:\/\/mysavings.mindsetting.be\/fr\/nos-produits\/pension\/epargne-a-long-terme\/Information\/augmentation-de-lepargne-a-long-terme-apres-55-ans\/\" \/>\n<meta property=\"og:locale\" content=\"fr_FR\" \/>\n<meta property=\"og:type\" content=\"article\" \/>\n<meta property=\"og:title\" content=\"Augmentation de l&#039;\u00e9pargne \u00e0 long terme apr\u00e8s 55 ans | MySavings\" \/>\n<meta property=\"og:description\" content=\"Les experts MySavings vous guident parmis les diff\u00e9rentes formules afin de trouver la solution qui vous convient le mieux.\" \/>\n<meta property=\"og:url\" content=\"https:\/\/mysavings.mindsetting.be\/fr\/nos-produits\/pension\/epargne-a-long-terme\/Information\/augmentation-de-lepargne-a-long-terme-apres-55-ans\/\" \/>\n<meta property=\"og:site_name\" content=\"MySavings\" \/>\n<meta property=\"article:publisher\" content=\"https:\/\/www.facebook.com\/MySavings.be\" \/>\n<meta property=\"article:modified_time\" content=\"2021-03-23T08:25:07+00:00\" \/>\n<meta name=\"twitter:card\" content=\"summary_large_image\" \/>\n<meta name=\"twitter:label1\" content=\"Dur\u00e9e de lecture est.\" \/>\n\t<meta name=\"twitter:data1\" content=\"1 minute\" \/>\n<script type=\"application\/ld+json\" class=\"yoast-schema-graph\">{\"@context\":\"https:\\\/\\\/schema.org\",\"@graph\":[{\"@type\":\"WebPage\",\"@id\":\"https:\\\/\\\/mysavings.mindsetting.be\\\/fr\\\/nos-produits\\\/pension\\\/epargne-a-long-terme\\\/Information\\\/augmentation-de-lepargne-a-long-terme-apres-55-ans\\\/\",\"url\":\"https:\\\/\\\/mysavings.mindsetting.be\\\/fr\\\/nos-produits\\\/pension\\\/epargne-a-long-terme\\\/Information\\\/augmentation-de-lepargne-a-long-terme-apres-55-ans\\\/\",\"name\":\"Augmentation de l'\u00e9pargne \u00e0 long terme apr\u00e8s 55 ans | MySavings\",\"isPartOf\":{\"@id\":\"https:\\\/\\\/mysavings.mindsetting.be\\\/fr\\\/#website\"},\"datePublished\":\"2021-02-24T21:40:13+00:00\",\"dateModified\":\"2021-03-23T08:25:07+00:00\",\"description\":\"Les experts MySavings vous guident parmis les diff\u00e9rentes formules afin de trouver la solution qui vous convient le mieux.\",\"breadcrumb\":{\"@id\":\"https:\\\/\\\/mysavings.mindsetting.be\\\/fr\\\/nos-produits\\\/pension\\\/epargne-a-long-terme\\\/Information\\\/augmentation-de-lepargne-a-long-terme-apres-55-ans\\\/#breadcrumb\"},\"inLanguage\":\"fr-BE\",\"potentialAction\":[{\"@type\":\"ReadAction\",\"target\":[\"https:\\\/\\\/mysavings.mindsetting.be\\\/fr\\\/nos-produits\\\/pension\\\/epargne-a-long-terme\\\/Information\\\/augmentation-de-lepargne-a-long-terme-apres-55-ans\\\/\"]}]},{\"@type\":\"BreadcrumbList\",\"@id\":\"https:\\\/\\\/mysavings.mindsetting.be\\\/fr\\\/nos-produits\\\/pension\\\/epargne-a-long-terme\\\/Information\\\/augmentation-de-lepargne-a-long-terme-apres-55-ans\\\/#breadcrumb\",\"itemListElement\":[{\"@type\":\"ListItem\",\"position\":1,\"name\":\"Home\",\"item\":\"https:\\\/\\\/mysavings.mindsetting.be\\\/fr\\\/\"},{\"@type\":\"ListItem\",\"position\":2,\"name\":\"Produits\",\"item\":\"https:\\\/\\\/mysavings.mindsetting.be\\\/fr\\\/nos-produits\\\/\"},{\"@type\":\"ListItem\",\"position\":3,\"name\":\"Pension\",\"item\":\"https:\\\/\\\/mysavings.mindsetting.be\\\/fr\\\/nos-produits\\\/pension\\\/\"},{\"@type\":\"ListItem\",\"position\":4,\"name\":\"L&rsquo;\u00e9pargne \u00e0 long terme\",\"item\":\"https:\\\/\\\/mysavings.mindsetting.be\\\/fr\\\/nos-produits\\\/pension\\\/epargne-a-long-terme\\\/\"},{\"@type\":\"ListItem\",\"position\":5,\"name\":\"Augmentation de l\u2019\u00e9pargne \u00e0 long terme apr\u00e8s 55 ans\"}]},{\"@type\":\"WebSite\",\"@id\":\"https:\\\/\\\/mysavings.mindsetting.be\\\/fr\\\/#website\",\"url\":\"https:\\\/\\\/mysavings.mindsetting.be\\\/fr\\\/\",\"name\":\"MySavings\",\"description\":\"Le meilleur choix pour votre assurance-vie\\\/pension\",\"publisher\":{\"@id\":\"https:\\\/\\\/mysavings.mindsetting.be\\\/fr\\\/#organization\"},\"potentialAction\":[{\"@type\":\"SearchAction\",\"target\":{\"@type\":\"EntryPoint\",\"urlTemplate\":\"https:\\\/\\\/mysavings.mindsetting.be\\\/fr\\\/?s={search_term_string}\"},\"query-input\":{\"@type\":\"PropertyValueSpecification\",\"valueRequired\":true,\"valueName\":\"search_term_string\"}}],\"inLanguage\":\"fr-BE\"},{\"@type\":\"Organization\",\"@id\":\"https:\\\/\\\/mysavings.mindsetting.be\\\/fr\\\/#organization\",\"name\":\"MySavings\",\"url\":\"https:\\\/\\\/mysavings.mindsetting.be\\\/fr\\\/\",\"logo\":{\"@type\":\"ImageObject\",\"inLanguage\":\"fr-BE\",\"@id\":\"https:\\\/\\\/mysavings.mindsetting.be\\\/fr\\\/#\\\/schema\\\/logo\\\/image\\\/\",\"url\":\"https:\\\/\\\/mysavings.mindsetting.be\\\/wp-content\\\/uploads\\\/2021\\\/03\\\/mysavings.svg\",\"contentUrl\":\"https:\\\/\\\/mysavings.mindsetting.be\\\/wp-content\\\/uploads\\\/2021\\\/03\\\/mysavings.svg\",\"width\":219,\"height\":132,\"caption\":\"MySavings\"},\"image\":{\"@id\":\"https:\\\/\\\/mysavings.mindsetting.be\\\/fr\\\/#\\\/schema\\\/logo\\\/image\\\/\"},\"sameAs\":[\"https:\\\/\\\/www.facebook.com\\\/MySavings.be\",\"https:\\\/\\\/www.linkedin.com\\\/company\\\/mysavings\"]}]}<\/script>\n<!-- \/ Yoast SEO plugin. -->","yoast_head_json":{"title":"Augmentation de l'\u00e9pargne \u00e0 long terme apr\u00e8s 55 ans | MySavings","description":"Les experts MySavings vous guident parmis les diff\u00e9rentes formules afin de trouver la solution qui vous convient le mieux.","robots":{"index":"index","follow":"follow","max-snippet":"max-snippet:-1","max-image-preview":"max-image-preview:large","max-video-preview":"max-video-preview:-1"},"canonical":"https:\/\/mysavings.mindsetting.be\/fr\/nos-produits\/pension\/epargne-a-long-terme\/Information\/augmentation-de-lepargne-a-long-terme-apres-55-ans\/","og_locale":"fr_FR","og_type":"article","og_title":"Augmentation de l'\u00e9pargne \u00e0 long terme apr\u00e8s 55 ans | MySavings","og_description":"Les experts MySavings vous guident parmis les diff\u00e9rentes formules afin de trouver la solution qui vous convient le mieux.","og_url":"https:\/\/mysavings.mindsetting.be\/fr\/nos-produits\/pension\/epargne-a-long-terme\/Information\/augmentation-de-lepargne-a-long-terme-apres-55-ans\/","og_site_name":"MySavings","article_publisher":"https:\/\/www.facebook.com\/MySavings.be","article_modified_time":"2021-03-23T08:25:07+00:00","twitter_card":"summary_large_image","twitter_misc":{"Dur\u00e9e de lecture est.":"1 minute"},"schema":{"@context":"https:\/\/schema.org","@graph":[{"@type":"WebPage","@id":"https:\/\/mysavings.mindsetting.be\/fr\/nos-produits\/pension\/epargne-a-long-terme\/Information\/augmentation-de-lepargne-a-long-terme-apres-55-ans\/","url":"https:\/\/mysavings.mindsetting.be\/fr\/nos-produits\/pension\/epargne-a-long-terme\/Information\/augmentation-de-lepargne-a-long-terme-apres-55-ans\/","name":"Augmentation de l'\u00e9pargne \u00e0 long terme apr\u00e8s 55 ans | MySavings","isPartOf":{"@id":"https:\/\/mysavings.mindsetting.be\/fr\/#website"},"datePublished":"2021-02-24T21:40:13+00:00","dateModified":"2021-03-23T08:25:07+00:00","description":"Les experts MySavings vous guident parmis les diff\u00e9rentes formules afin de trouver la solution qui vous convient le mieux.","breadcrumb":{"@id":"https:\/\/mysavings.mindsetting.be\/fr\/nos-produits\/pension\/epargne-a-long-terme\/Information\/augmentation-de-lepargne-a-long-terme-apres-55-ans\/#breadcrumb"},"inLanguage":"fr-BE","potentialAction":[{"@type":"ReadAction","target":["https:\/\/mysavings.mindsetting.be\/fr\/nos-produits\/pension\/epargne-a-long-terme\/Information\/augmentation-de-lepargne-a-long-terme-apres-55-ans\/"]}]},{"@type":"BreadcrumbList","@id":"https:\/\/mysavings.mindsetting.be\/fr\/nos-produits\/pension\/epargne-a-long-terme\/Information\/augmentation-de-lepargne-a-long-terme-apres-55-ans\/#breadcrumb","itemListElement":[{"@type":"ListItem","position":1,"name":"Home","item":"https:\/\/mysavings.mindsetting.be\/fr\/"},{"@type":"ListItem","position":2,"name":"Produits","item":"https:\/\/mysavings.mindsetting.be\/fr\/nos-produits\/"},{"@type":"ListItem","position":3,"name":"Pension","item":"https:\/\/mysavings.mindsetting.be\/fr\/nos-produits\/pension\/"},{"@type":"ListItem","position":4,"name":"L&rsquo;\u00e9pargne \u00e0 long terme","item":"https:\/\/mysavings.mindsetting.be\/fr\/nos-produits\/pension\/epargne-a-long-terme\/"},{"@type":"ListItem","position":5,"name":"Augmentation de l\u2019\u00e9pargne \u00e0 long terme apr\u00e8s 55 ans"}]},{"@type":"WebSite","@id":"https:\/\/mysavings.mindsetting.be\/fr\/#website","url":"https:\/\/mysavings.mindsetting.be\/fr\/","name":"MySavings","description":"Le meilleur choix pour votre assurance-vie\/pension","publisher":{"@id":"https:\/\/mysavings.mindsetting.be\/fr\/#organization"},"potentialAction":[{"@type":"SearchAction","target":{"@type":"EntryPoint","urlTemplate":"https:\/\/mysavings.mindsetting.be\/fr\/?s={search_term_string}"},"query-input":{"@type":"PropertyValueSpecification","valueRequired":true,"valueName":"search_term_string"}}],"inLanguage":"fr-BE"},{"@type":"Organization","@id":"https:\/\/mysavings.mindsetting.be\/fr\/#organization","name":"MySavings","url":"https:\/\/mysavings.mindsetting.be\/fr\/","logo":{"@type":"ImageObject","inLanguage":"fr-BE","@id":"https:\/\/mysavings.mindsetting.be\/fr\/#\/schema\/logo\/image\/","url":"https:\/\/mysavings.mindsetting.be\/wp-content\/uploads\/2021\/03\/mysavings.svg","contentUrl":"https:\/\/mysavings.mindsetting.be\/wp-content\/uploads\/2021\/03\/mysavings.svg","width":219,"height":132,"caption":"MySavings"},"image":{"@id":"https:\/\/mysavings.mindsetting.be\/fr\/#\/schema\/logo\/image\/"},"sameAs":["https:\/\/www.facebook.com\/MySavings.be","https:\/\/www.linkedin.com\/company\/mysavings"]}]}},"_links":{"self":[{"href":"https:\/\/mysavings.mindsetting.be\/fr\/wp-json\/wp\/v2\/product\/1033","targetHints":{"allow":["GET"]}}],"collection":[{"href":"https:\/\/mysavings.mindsetting.be\/fr\/wp-json\/wp\/v2\/product"}],"about":[{"href":"https:\/\/mysavings.mindsetting.be\/fr\/wp-json\/wp\/v2\/types\/product"}],"up":[{"embeddable":true,"href":"https:\/\/mysavings.mindsetting.be\/fr\/wp-json\/wp\/v2\/product\/674"}],"wp:attachment":[{"href":"https:\/\/mysavings.mindsetting.be\/fr\/wp-json\/wp\/v2\/attachment?parent=1033"}],"curies":[{"name":"wp","href":"https:\/\/api.w.org\/{rel}","templated":true}]}}