{"id":957,"date":"2021-02-24T22:39:49","date_gmt":"2021-02-24T21:39:49","guid":{"rendered":"https:\/\/mysavings.mindsetting.be\/nos-produits\/pas-de-credit-d-habitation\/"},"modified":"2025-01-20T21:05:17","modified_gmt":"2025-01-20T20:05:17","slug":"pas-de-credit-d-habitation","status":"publish","type":"product","link":"https:\/\/mysavings.mindsetting.be\/fr\/nos-produits\/pension\/epargne-a-long-terme\/Information\/pas-de-credit-d-habitation\/","title":{"rendered":"Pas de cr\u00e9dit d&rsquo;habitation"},"content":{"rendered":"<p><strong>Souscrivez un contrat et d\u00e9duisez 2.530 euros fiscalement<\/strong> en r\u00e9cup\u00e9rant 30% \u00e0 l\u2019imp\u00f4t des personnes physiques.<\/p>\n<p>Ensuite, vous pouvez convertir le contrat en une assurance solde restant d\u00fb au moment o\u00f9 vous contractez un emprunt. Vous pouvez alors <strong>prendre une couverture d\u00e9c\u00e8s et payer \u00e0 l\u2019aide des r\u00e9serves constitu\u00e9es<\/strong> jusque-l\u00e0.<\/p>\n<p>Au moment o\u00f9 vous contracterez votre emprunt, votre niche fiscale sera remplie par les remboursements en capital de votre emprunt. Il est donc conseill\u00e9 de d\u00e9duire d\u00e9j\u00e0 maintenant votre assurance solde restant d\u00fb et <strong>de ne plus alimenter ce contrat une fois le cr\u00e9dit d\u00e9marr\u00e9<\/strong>!<\/p>\n","protected":false},"excerpt":{"rendered":"<p>Souscrivez un contrat et d\u00e9duisez 2.530 euros fiscalement en r\u00e9cup\u00e9rant 30% \u00e0 l\u2019imp\u00f4t des personnes physiques. Ensuite, vous pouvez convertir le contrat en une assurance solde restant d\u00fb au moment o\u00f9 vous contractez un emprunt. Vous pouvez alors prendre une couverture d\u00e9c\u00e8s et payer \u00e0 l\u2019aide des r\u00e9serves constitu\u00e9es jusque-l\u00e0. Au moment o\u00f9 vous contracterez [&hellip;]<\/p>\n","protected":false},"featured_media":0,"parent":674,"menu_order":6,"template":"","class_list":["post-957","product","type-product","status-publish","hentry"],"acf":[],"yoast_head":"<!-- This site is optimized with the Yoast SEO plugin v27.6 - https:\/\/yoast.com\/product\/yoast-seo-wordpress\/ -->\n<title>Pas de cr\u00e9dit d&#039;habitation l MySavings, votre expert pension<\/title>\n<meta name=\"description\" content=\"Souscrivez un contrat et d\u00e9duisez 2.350 euros fiscalement en r\u00e9cup\u00e9rant 30% \u00e0 l\u2019imp\u00f4t des personnes physiques l MySavings\" \/>\n<meta name=\"robots\" content=\"index, follow, max-snippet:-1, max-image-preview:large, max-video-preview:-1\" \/>\n<link rel=\"canonical\" href=\"https:\/\/mysavings.mindsetting.be\/fr\/nos-produits\/pension\/epargne-a-long-terme\/Information\/pas-de-credit-d-habitation\/\" \/>\n<meta property=\"og:locale\" content=\"fr_FR\" \/>\n<meta property=\"og:type\" content=\"article\" \/>\n<meta property=\"og:title\" content=\"Pas de cr\u00e9dit d&#039;habitation l MySavings, votre expert pension\" \/>\n<meta property=\"og:description\" content=\"Souscrivez un contrat et d\u00e9duisez 2.350 euros fiscalement en r\u00e9cup\u00e9rant 30% \u00e0 l\u2019imp\u00f4t des personnes physiques l MySavings\" \/>\n<meta property=\"og:url\" content=\"https:\/\/mysavings.mindsetting.be\/fr\/nos-produits\/pension\/epargne-a-long-terme\/Information\/pas-de-credit-d-habitation\/\" \/>\n<meta property=\"og:site_name\" content=\"MySavings\" \/>\n<meta property=\"article:publisher\" content=\"https:\/\/www.facebook.com\/MySavings.be\" \/>\n<meta property=\"article:modified_time\" content=\"2025-01-20T20:05:17+00:00\" \/>\n<meta name=\"twitter:card\" content=\"summary_large_image\" \/>\n<meta name=\"twitter:label1\" content=\"Dur\u00e9e de lecture est.\" \/>\n\t<meta name=\"twitter:data1\" content=\"1 minute\" \/>\n<script type=\"application\/ld+json\" class=\"yoast-schema-graph\">{\"@context\":\"https:\\\/\\\/schema.org\",\"@graph\":[{\"@type\":\"WebPage\",\"@id\":\"https:\\\/\\\/mysavings.mindsetting.be\\\/fr\\\/nos-produits\\\/pension\\\/epargne-a-long-terme\\\/Information\\\/pas-de-credit-d-habitation\\\/\",\"url\":\"https:\\\/\\\/mysavings.mindsetting.be\\\/fr\\\/nos-produits\\\/pension\\\/epargne-a-long-terme\\\/Information\\\/pas-de-credit-d-habitation\\\/\",\"name\":\"Pas de cr\u00e9dit d'habitation l MySavings, votre expert pension\",\"isPartOf\":{\"@id\":\"https:\\\/\\\/mysavings.mindsetting.be\\\/fr\\\/#website\"},\"datePublished\":\"2021-02-24T21:39:49+00:00\",\"dateModified\":\"2025-01-20T20:05:17+00:00\",\"description\":\"Souscrivez un contrat et d\u00e9duisez 2.350 euros fiscalement en r\u00e9cup\u00e9rant 30% \u00e0 l\u2019imp\u00f4t des personnes physiques l MySavings\",\"breadcrumb\":{\"@id\":\"https:\\\/\\\/mysavings.mindsetting.be\\\/fr\\\/nos-produits\\\/pension\\\/epargne-a-long-terme\\\/Information\\\/pas-de-credit-d-habitation\\\/#breadcrumb\"},\"inLanguage\":\"fr-BE\",\"potentialAction\":[{\"@type\":\"ReadAction\",\"target\":[\"https:\\\/\\\/mysavings.mindsetting.be\\\/fr\\\/nos-produits\\\/pension\\\/epargne-a-long-terme\\\/Information\\\/pas-de-credit-d-habitation\\\/\"]}]},{\"@type\":\"BreadcrumbList\",\"@id\":\"https:\\\/\\\/mysavings.mindsetting.be\\\/fr\\\/nos-produits\\\/pension\\\/epargne-a-long-terme\\\/Information\\\/pas-de-credit-d-habitation\\\/#breadcrumb\",\"itemListElement\":[{\"@type\":\"ListItem\",\"position\":1,\"name\":\"Home\",\"item\":\"https:\\\/\\\/mysavings.mindsetting.be\\\/fr\\\/\"},{\"@type\":\"ListItem\",\"position\":2,\"name\":\"Produits\",\"item\":\"https:\\\/\\\/mysavings.mindsetting.be\\\/fr\\\/nos-produits\\\/\"},{\"@type\":\"ListItem\",\"position\":3,\"name\":\"Pension\",\"item\":\"https:\\\/\\\/mysavings.mindsetting.be\\\/fr\\\/nos-produits\\\/pension\\\/\"},{\"@type\":\"ListItem\",\"position\":4,\"name\":\"L&rsquo;\u00e9pargne \u00e0 long terme\",\"item\":\"https:\\\/\\\/mysavings.mindsetting.be\\\/fr\\\/nos-produits\\\/pension\\\/epargne-a-long-terme\\\/\"},{\"@type\":\"ListItem\",\"position\":5,\"name\":\"Pas de cr\u00e9dit d&rsquo;habitation\"}]},{\"@type\":\"WebSite\",\"@id\":\"https:\\\/\\\/mysavings.mindsetting.be\\\/fr\\\/#website\",\"url\":\"https:\\\/\\\/mysavings.mindsetting.be\\\/fr\\\/\",\"name\":\"MySavings\",\"description\":\"Le meilleur choix pour votre assurance-vie\\\/pension\",\"publisher\":{\"@id\":\"https:\\\/\\\/mysavings.mindsetting.be\\\/fr\\\/#organization\"},\"potentialAction\":[{\"@type\":\"SearchAction\",\"target\":{\"@type\":\"EntryPoint\",\"urlTemplate\":\"https:\\\/\\\/mysavings.mindsetting.be\\\/fr\\\/?s={search_term_string}\"},\"query-input\":{\"@type\":\"PropertyValueSpecification\",\"valueRequired\":true,\"valueName\":\"search_term_string\"}}],\"inLanguage\":\"fr-BE\"},{\"@type\":\"Organization\",\"@id\":\"https:\\\/\\\/mysavings.mindsetting.be\\\/fr\\\/#organization\",\"name\":\"MySavings\",\"url\":\"https:\\\/\\\/mysavings.mindsetting.be\\\/fr\\\/\",\"logo\":{\"@type\":\"ImageObject\",\"inLanguage\":\"fr-BE\",\"@id\":\"https:\\\/\\\/mysavings.mindsetting.be\\\/fr\\\/#\\\/schema\\\/logo\\\/image\\\/\",\"url\":\"https:\\\/\\\/mysavings.mindsetting.be\\\/wp-content\\\/uploads\\\/2021\\\/03\\\/mysavings.svg\",\"contentUrl\":\"https:\\\/\\\/mysavings.mindsetting.be\\\/wp-content\\\/uploads\\\/2021\\\/03\\\/mysavings.svg\",\"width\":219,\"height\":132,\"caption\":\"MySavings\"},\"image\":{\"@id\":\"https:\\\/\\\/mysavings.mindsetting.be\\\/fr\\\/#\\\/schema\\\/logo\\\/image\\\/\"},\"sameAs\":[\"https:\\\/\\\/www.facebook.com\\\/MySavings.be\",\"https:\\\/\\\/www.linkedin.com\\\/company\\\/mysavings\"]}]}<\/script>\n<!-- \/ Yoast SEO plugin. -->","yoast_head_json":{"title":"Pas de cr\u00e9dit d'habitation l MySavings, votre expert pension","description":"Souscrivez un contrat et d\u00e9duisez 2.350 euros fiscalement en r\u00e9cup\u00e9rant 30% \u00e0 l\u2019imp\u00f4t des personnes physiques l MySavings","robots":{"index":"index","follow":"follow","max-snippet":"max-snippet:-1","max-image-preview":"max-image-preview:large","max-video-preview":"max-video-preview:-1"},"canonical":"https:\/\/mysavings.mindsetting.be\/fr\/nos-produits\/pension\/epargne-a-long-terme\/Information\/pas-de-credit-d-habitation\/","og_locale":"fr_FR","og_type":"article","og_title":"Pas de cr\u00e9dit d'habitation l MySavings, votre expert pension","og_description":"Souscrivez un contrat et d\u00e9duisez 2.350 euros fiscalement en r\u00e9cup\u00e9rant 30% \u00e0 l\u2019imp\u00f4t des personnes physiques l MySavings","og_url":"https:\/\/mysavings.mindsetting.be\/fr\/nos-produits\/pension\/epargne-a-long-terme\/Information\/pas-de-credit-d-habitation\/","og_site_name":"MySavings","article_publisher":"https:\/\/www.facebook.com\/MySavings.be","article_modified_time":"2025-01-20T20:05:17+00:00","twitter_card":"summary_large_image","twitter_misc":{"Dur\u00e9e de lecture est.":"1 minute"},"schema":{"@context":"https:\/\/schema.org","@graph":[{"@type":"WebPage","@id":"https:\/\/mysavings.mindsetting.be\/fr\/nos-produits\/pension\/epargne-a-long-terme\/Information\/pas-de-credit-d-habitation\/","url":"https:\/\/mysavings.mindsetting.be\/fr\/nos-produits\/pension\/epargne-a-long-terme\/Information\/pas-de-credit-d-habitation\/","name":"Pas de cr\u00e9dit d'habitation l MySavings, votre expert pension","isPartOf":{"@id":"https:\/\/mysavings.mindsetting.be\/fr\/#website"},"datePublished":"2021-02-24T21:39:49+00:00","dateModified":"2025-01-20T20:05:17+00:00","description":"Souscrivez un contrat et d\u00e9duisez 2.350 euros fiscalement en r\u00e9cup\u00e9rant 30% \u00e0 l\u2019imp\u00f4t des personnes physiques l MySavings","breadcrumb":{"@id":"https:\/\/mysavings.mindsetting.be\/fr\/nos-produits\/pension\/epargne-a-long-terme\/Information\/pas-de-credit-d-habitation\/#breadcrumb"},"inLanguage":"fr-BE","potentialAction":[{"@type":"ReadAction","target":["https:\/\/mysavings.mindsetting.be\/fr\/nos-produits\/pension\/epargne-a-long-terme\/Information\/pas-de-credit-d-habitation\/"]}]},{"@type":"BreadcrumbList","@id":"https:\/\/mysavings.mindsetting.be\/fr\/nos-produits\/pension\/epargne-a-long-terme\/Information\/pas-de-credit-d-habitation\/#breadcrumb","itemListElement":[{"@type":"ListItem","position":1,"name":"Home","item":"https:\/\/mysavings.mindsetting.be\/fr\/"},{"@type":"ListItem","position":2,"name":"Produits","item":"https:\/\/mysavings.mindsetting.be\/fr\/nos-produits\/"},{"@type":"ListItem","position":3,"name":"Pension","item":"https:\/\/mysavings.mindsetting.be\/fr\/nos-produits\/pension\/"},{"@type":"ListItem","position":4,"name":"L&rsquo;\u00e9pargne \u00e0 long terme","item":"https:\/\/mysavings.mindsetting.be\/fr\/nos-produits\/pension\/epargne-a-long-terme\/"},{"@type":"ListItem","position":5,"name":"Pas de cr\u00e9dit d&rsquo;habitation"}]},{"@type":"WebSite","@id":"https:\/\/mysavings.mindsetting.be\/fr\/#website","url":"https:\/\/mysavings.mindsetting.be\/fr\/","name":"MySavings","description":"Le meilleur choix pour votre assurance-vie\/pension","publisher":{"@id":"https:\/\/mysavings.mindsetting.be\/fr\/#organization"},"potentialAction":[{"@type":"SearchAction","target":{"@type":"EntryPoint","urlTemplate":"https:\/\/mysavings.mindsetting.be\/fr\/?s={search_term_string}"},"query-input":{"@type":"PropertyValueSpecification","valueRequired":true,"valueName":"search_term_string"}}],"inLanguage":"fr-BE"},{"@type":"Organization","@id":"https:\/\/mysavings.mindsetting.be\/fr\/#organization","name":"MySavings","url":"https:\/\/mysavings.mindsetting.be\/fr\/","logo":{"@type":"ImageObject","inLanguage":"fr-BE","@id":"https:\/\/mysavings.mindsetting.be\/fr\/#\/schema\/logo\/image\/","url":"https:\/\/mysavings.mindsetting.be\/wp-content\/uploads\/2021\/03\/mysavings.svg","contentUrl":"https:\/\/mysavings.mindsetting.be\/wp-content\/uploads\/2021\/03\/mysavings.svg","width":219,"height":132,"caption":"MySavings"},"image":{"@id":"https:\/\/mysavings.mindsetting.be\/fr\/#\/schema\/logo\/image\/"},"sameAs":["https:\/\/www.facebook.com\/MySavings.be","https:\/\/www.linkedin.com\/company\/mysavings"]}]}},"_links":{"self":[{"href":"https:\/\/mysavings.mindsetting.be\/fr\/wp-json\/wp\/v2\/product\/957","targetHints":{"allow":["GET"]}}],"collection":[{"href":"https:\/\/mysavings.mindsetting.be\/fr\/wp-json\/wp\/v2\/product"}],"about":[{"href":"https:\/\/mysavings.mindsetting.be\/fr\/wp-json\/wp\/v2\/types\/product"}],"up":[{"embeddable":true,"href":"https:\/\/mysavings.mindsetting.be\/fr\/wp-json\/wp\/v2\/product\/674"}],"wp:attachment":[{"href":"https:\/\/mysavings.mindsetting.be\/fr\/wp-json\/wp\/v2\/attachment?parent=957"}],"curies":[{"name":"wp","href":"https:\/\/api.w.org\/{rel}","templated":true}]}}